

{"id":971,"date":"2021-07-28T11:54:37","date_gmt":"2021-07-28T09:54:37","guid":{"rendered":"https:\/\/sevillewithestela.com\/tours\/seville-walking-tour\/"},"modified":"2021-11-11T09:53:02","modified_gmt":"2021-11-11T08:53:02","slug":"sevilla-a-pie","status":"publish","type":"page","link":"https:\/\/sevillewithestela.com\/es\/tours\/sevilla-a-pie\/","title":{"rendered":"Sevilla a pie"},"content":{"rendered":"[vc_row type=\u00bbfull_width_content\u00bb full_screen_row_position=\u00bbmiddle\u00bb column_margin=\u00bbdefault\u00bb equal_height=\u00bbyes\u00bb content_placement=\u00bbmiddle\u00bb column_direction=\u00bbdefault\u00bb column_direction_tablet=\u00bbdefault\u00bb column_direction_phone=\u00bbdefault\u00bb bg_image=\u00bb423&#8243; bg_position=\u00bbcenter center\u00bb background_image_loading=\u00bblazy-load\u00bb bg_repeat=\u00bbno-repeat\u00bb full_height=\u00bbyes\u00bb scene_position=\u00bbcenter\u00bb text_color=\u00bbdark\u00bb text_align=\u00bbleft\u00bb row_border_radius=\u00bbnone\u00bb row_border_radius_applies=\u00bbbg\u00bb overlay_strength=\u00bb0.3&#8243; gradient_direction=\u00bbleft_to_right\u00bb shape_divider_position=\u00bbbottom\u00bb bg_image_animation=\u00bbnone\u00bb shape_type=\u00bb\u00bb][vc_column column_padding=\u00bbno-extra-padding\u00bb column_padding_tablet=\u00bbinherit\u00bb column_padding_phone=\u00bbinherit\u00bb column_padding_position=\u00bball\u00bb column_element_spacing=\u00bbdefault\u00bb background_color_opacity=\u00bb1&#8243; background_hover_color_opacity=\u00bb1&#8243; column_shadow=\u00bbnone\u00bb column_border_radius=\u00bbnone\u00bb column_link_target=\u00bb_self\u00bb gradient_direction=\u00bbleft_to_right\u00bb overlay_strength=\u00bb0.3&#8243; width=\u00bb1\/1&#8243; tablet_width_inherit=\u00bbdefault\u00bb tablet_text_alignment=\u00bbdefault\u00bb phone_text_alignment=\u00bbdefault\u00bb bg_image_animation=\u00bbnone\u00bb border_type=\u00bbsimple\u00bb column_border_width=\u00bbnone\u00bb column_border_style=\u00bbsolid\u00bb column_link=\u00bb#content\u00bb column_link_screen_reader=\u00bbIr al texto de la web\u00bb][vc_custom_heading text=\u00bbSevilla a pie\u00bb font_container=\u00bbtag:h2|font_size:36px|text_align:center|color:%23ffffff|line_height:43px\u00bb use_theme_fonts=\u00bbyes\u00bb css_animation=\u00bbfadeInUp\u00bb][\/vc_column][\/vc_row][vc_row type=\u00bbfull_width_content\u00bb full_screen_row_position=\u00bbmiddle\u00bb column_margin=\u00bbdefault\u00bb column_direction=\u00bbdefault\u00bb column_direction_tablet=\u00bbdefault\u00bb column_direction_phone=\u00bbdefault\u00bb bg_color=\u00bb#fbf8f9&#8243; scene_position=\u00bbcenter\u00bb top_padding=\u00bb60&#8243; bottom_padding=\u00bb30&#8243; text_color=\u00bbdark\u00bb text_align=\u00bbcenter\u00bb row_border_radius=\u00bbnone\u00bb row_border_radius_applies=\u00bbbg\u00bb id=\u00bbcontent\u00bb overlay_strength=\u00bb0.3&#8243; gradient_direction=\u00bbleft_to_right\u00bb shape_divider_position=\u00bbbottom\u00bb bg_image_animation=\u00bbnone\u00bb shape_type=\u00bb\u00bb][vc_column column_padding=\u00bbno-extra-padding\u00bb column_padding_tablet=\u00bbinherit\u00bb column_padding_phone=\u00bbinherit\u00bb column_padding_position=\u00bbtop-bottom\u00bb top_margin=\u00bb40&#8243; constrain_group_1=\u00bbyes\u00bb bottom_margin=\u00bb40&#8243; column_element_spacing=\u00bbdefault\u00bb background_color_opacity=\u00bb1&#8243; background_hover_color_opacity=\u00bb1&#8243; column_shadow=\u00bbnone\u00bb column_border_radius=\u00bbnone\u00bb column_link_target=\u00bb_self\u00bb gradient_direction=\u00bbleft_to_right\u00bb overlay_strength=\u00bb0.3&#8243; width=\u00bb1\/1&#8243; tablet_width_inherit=\u00bbdefault\u00bb tablet_text_alignment=\u00bbdefault\u00bb phone_text_alignment=\u00bbdefault\u00bb bg_image_animation=\u00bbnone\u00bb border_type=\u00bbsimple\u00bb column_border_width=\u00bbnone\u00bb column_border_style=\u00bbsolid\u00bb][vc_custom_heading text=\u00bbTOURS PRIVADOS\u00bb font_container=\u00bbtag:h2|font_size:10px|text_align:center|color:%23d7465f|line_height:15px\u00bb use_theme_fonts=\u00bbyes\u00bb css_animation=\u00bbnone\u00bb el_class=\u00bbosespero\u00bb][divider line_type=\u00bbNo Line\u00bb custom_height=\u00bb10&#8243;][vc_custom_heading text=\u00bbSevilla a pie\u00bb font_container=\u00bbtag:h2|font_size:30px|text_align:center|color:%23000000|line_height:36px\u00bb use_theme_fonts=\u00bbyes\u00bb css_animation=\u00bbfadeInUp\u00bb][\/vc_column][\/vc_row][vc_row type=\u00bbfull_width_content\u00bb full_screen_row_position=\u00bbmiddle\u00bb column_margin=\u00bbdefault\u00bb equal_height=\u00bbyes\u00bb column_direction=\u00bbdefault\u00bb column_direction_tablet=\u00bbdefault\u00bb column_direction_phone=\u00bbdefault\u00bb bg_color=\u00bb#daacbd\u00bb scene_position=\u00bbcenter\u00bb text_color=\u00bbdark\u00bb text_align=\u00bbleft\u00bb row_border_radius=\u00bbnone\u00bb row_border_radius_applies=\u00bbbg\u00bb overlay_strength=\u00bb0.3&#8243; gradient_direction=\u00bbleft_to_right\u00bb shape_divider_position=\u00bbbottom\u00bb bg_image_animation=\u00bbnone\u00bb shape_type=\u00bb\u00bb][vc_column column_padding=\u00bbno-extra-padding\u00bb column_padding_tablet=\u00bbinherit\u00bb column_padding_phone=\u00bbinherit\u00bb column_padding_position=\u00bball\u00bb column_element_spacing=\u00bbdefault\u00bb background_color_opacity=\u00bb1&#8243; background_hover_color_opacity=\u00bb1&#8243; background_image=\u00bb427&#8243; background_image_position=\u00bbcenter center\u00bb enable_bg_scale=\u00bbtrue\u00bb background_image_loading=\u00bbdefault\u00bb column_shadow=\u00bbnone\u00bb column_border_radius=\u00bbnone\u00bb column_link_target=\u00bb_self\u00bb gradient_direction=\u00bbleft_to_right\u00bb overlay_strength=\u00bb0.3&#8243; width=\u00bb3\/4&#8243; tablet_width_inherit=\u00bbdefault\u00bb tablet_text_alignment=\u00bbdefault\u00bb phone_text_alignment=\u00bbdefault\u00bb bg_image_animation=\u00bbnone\u00bb border_type=\u00bbsimple\u00bb column_border_width=\u00bbnone\u00bb column_border_style=\u00bbsolid\u00bb][\/vc_column][vc_column column_padding=\u00bbpadding-2-percent\u00bb column_padding_tablet=\u00bbpadding-6-percent\u00bb column_padding_phone=\u00bbpadding-6-percent\u00bb column_padding_position=\u00bball\u00bb column_element_spacing=\u00bbdefault\u00bb background_color_opacity=\u00bb1&#8243; background_hover_color_opacity=\u00bb1&#8243; font_color=\u00bb#d7465f\u00bb column_shadow=\u00bbnone\u00bb column_border_radius=\u00bbnone\u00bb column_link_target=\u00bb_self\u00bb gradient_direction=\u00bbleft_to_right\u00bb overlay_strength=\u00bb0.3&#8243; width=\u00bb1\/4&#8243; tablet_width_inherit=\u00bbdefault\u00bb tablet_text_alignment=\u00bbdefault\u00bb phone_text_alignment=\u00bbdefault\u00bb bg_image_animation=\u00bbnone\u00bb border_type=\u00bbsimple\u00bb column_border_width=\u00bbnone\u00bb column_border_style=\u00bbsolid\u00bb][vc_column_text]<strong>QU\u00c9 VEMOS<\/strong><\/p>\n<p>CENTRO HIST\u00d3RICO DE SEVILLA, BARRIO DE SANTA CRUZ, PARASOL Y PLAZA DE ESPA\u00d1A.<\/p>\n<p><strong>PUNTO DE ENCUENTRO<\/strong><\/p>\n<p>HOTEL (SI EST\u00c1 EN EL CENTRO) O A LOS PIES DE LA GIRALDA.<\/p>\n<p><strong>PRECIO<\/strong><\/p>\n<p>HASTA 8 PERSONAS : <strong>200 EUROS<\/strong>.<br \/>\nA PARTIR DE 8 PAX, CONTACTAR.<\/p>\n<p><strong>NO INCLUIDO EN EL TOUR<\/strong><\/p>\n<p>ENTRADAS A CUALQUIER MONUMENTO. TAXIS SI FUERA NECESARIO.[\/vc_column_text][divider line_type=\u00bbNo Line\u00bb custom_height=\u00bb30&#8243;][nectar_btn size=\u00bbsmall\u00bb button_style=\u00bbregular\u00bb button_color_2=\u00bbAccent-Color\u00bb icon_family=\u00bbnone\u00bb text=\u00bbReserva\u00bb url=\u00bbhttps:\/\/sevillewithestela.com\/es\/contacto\/\u00bb][\/vc_column][\/vc_row][vc_row type=\u00bbfull_width_background\u00bb full_screen_row_position=\u00bbmiddle\u00bb column_margin=\u00bbdefault\u00bb equal_height=\u00bbyes\u00bb content_placement=\u00bbmiddle\u00bb column_direction=\u00bbdefault\u00bb column_direction_tablet=\u00bbdefault\u00bb column_direction_phone=\u00bbdefault\u00bb bg_color=\u00bb#faf8f7&#8243; scene_position=\u00bbcenter\u00bb top_padding=\u00bb60&#8243; bottom_padding=\u00bb90&#8243; text_color=\u00bbdark\u00bb text_align=\u00bbleft\u00bb row_border_radius=\u00bbnone\u00bb row_border_radius_applies=\u00bbbg\u00bb overlay_strength=\u00bb0.3&#8243; gradient_direction=\u00bbleft_to_right\u00bb shape_divider_position=\u00bbbottom\u00bb bg_image_animation=\u00bbnone\u00bb shape_type=\u00bb\u00bb][vc_column column_padding=\u00bbno-extra-padding\u00bb column_padding_tablet=\u00bbinherit\u00bb column_padding_phone=\u00bbinherit\u00bb column_padding_position=\u00bball\u00bb column_element_spacing=\u00bbdefault\u00bb background_color_opacity=\u00bb1&#8243; background_hover_color_opacity=\u00bb1&#8243; font_color=\u00bb#000000&#8243; column_shadow=\u00bbnone\u00bb column_border_radius=\u00bbnone\u00bb column_link_target=\u00bb_self\u00bb el_class=\u00bbtxt_tours\u00bb gradient_direction=\u00bbleft_to_right\u00bb overlay_strength=\u00bb0.3&#8243; width=\u00bb2\/3&#8243; tablet_width_inherit=\u00bbdefault\u00bb tablet_text_alignment=\u00bbdefault\u00bb phone_text_alignment=\u00bbdefault\u00bb bg_image_animation=\u00bbnone\u00bb border_type=\u00bbsimple\u00bb column_border_width=\u00bbnone\u00bb column_border_style=\u00bbsolid\u00bb][vc_column_text css_animation=\u00bbfadeInLeft\u00bb]<span style=\"font-weight: 400;\">Este tour de 3 horas es muy recomendable para el primer d\u00eda de llegada a Sevilla. Es un tour orientativo por el centro de Sevilla, a pie y sin entrar en ning\u00fan monumento. Veremos (desde fuera) los monumentos declarados Patrimonio de la Humanidad por la Unesco, la Catedral de Santa Mar\u00eda de la Sede y su Giralda, el Real Alc\u00e1zar y el Archivo de Indias. Luego atravesaremos los callejones m\u00e1s estrechos de Sevilla, en el barrio de Santa Cruz y si les interesa la arquitectura moderna, podemos pasar por el Parasol, conocido como las setas de Sevilla. Este tour acaba en la plaza de Espa\u00f1a, dentro del Parque Maria Luisa, donde ya pueden quedarse por su cuenta el tiempo que quieran.<\/span><span style=\"font-weight: 400;\"><br \/>\n<\/span><\/p>\n<p><span style=\"font-weight: 400;\">El tour dura 3 horas pero pueden a\u00f1adir una hora extra para poder ver m\u00e1s.<\/span><span style=\"font-weight: 400;\"><br \/>\n<\/span>[\/vc_column_text][\/vc_column][vc_column column_padding=\u00bbno-extra-padding\u00bb column_padding_tablet=\u00bbinherit\u00bb column_padding_phone=\u00bbinherit\u00bb column_padding_position=\u00bball\u00bb column_element_spacing=\u00bbdefault\u00bb background_color_opacity=\u00bb1&#8243; background_hover_color_opacity=\u00bb1&#8243; column_shadow=\u00bbnone\u00bb column_border_radius=\u00bbnone\u00bb column_link_target=\u00bb_self\u00bb gradient_direction=\u00bbleft_to_right\u00bb overlay_strength=\u00bb0.3&#8243; width=\u00bb1\/3&#8243; tablet_width_inherit=\u00bbdefault\u00bb tablet_text_alignment=\u00bbdefault\u00bb phone_text_alignment=\u00bbdefault\u00bb bg_image_animation=\u00bbnone\u00bb border_type=\u00bbsimple\u00bb column_border_width=\u00bbnone\u00bb column_border_style=\u00bbsolid\u00bb][image_with_animation image_url=\u00bb426&#8243; animation=\u00bbFade In From Right\u00bb hover_animation=\u00bbnone\u00bb alignment=\u00bb\u00bb border_radius=\u00bbnone\u00bb box_shadow=\u00bbnone\u00bb image_loading=\u00bbdefault\u00bb max_width=\u00bb100%\u00bb max_width_mobile=\u00bbdefault\u00bb][\/vc_column][\/vc_row][vc_row type=\u00bbin_container\u00bb full_screen_row_position=\u00bbmiddle\u00bb column_margin=\u00bbdefault\u00bb column_direction=\u00bbdefault\u00bb column_direction_tablet=\u00bbdefault\u00bb column_direction_phone=\u00bbdefault\u00bb scene_position=\u00bbcenter\u00bb top_padding=\u00bb90&#8243; text_color=\u00bbdark\u00bb text_align=\u00bbleft\u00bb row_border_radius=\u00bbnone\u00bb row_border_radius_applies=\u00bbbg\u00bb overlay_strength=\u00bb0.3&#8243; gradient_direction=\u00bbleft_to_right\u00bb shape_divider_position=\u00bbbottom\u00bb bg_image_animation=\u00bbnone\u00bb shape_type=\u00bb\u00bb][vc_column column_padding=\u00bbno-extra-padding\u00bb column_padding_tablet=\u00bbinherit\u00bb column_padding_phone=\u00bbinherit\u00bb column_padding_position=\u00bball\u00bb column_element_spacing=\u00bbdefault\u00bb background_color_opacity=\u00bb1&#8243; background_hover_color_opacity=\u00bb1&#8243; column_shadow=\u00bbnone\u00bb column_border_radius=\u00bbnone\u00bb column_link_target=\u00bb_self\u00bb gradient_direction=\u00bbleft_to_right\u00bb overlay_strength=\u00bb0.3&#8243; width=\u00bb1\/1&#8243; tablet_width_inherit=\u00bbdefault\u00bb tablet_text_alignment=\u00bbdefault\u00bb phone_text_alignment=\u00bbdefault\u00bb bg_image_animation=\u00bbnone\u00bb border_type=\u00bbsimple\u00bb column_border_width=\u00bbnone\u00bb column_border_style=\u00bbsolid\u00bb][image_with_animation image_url=\u00bb461&#8243; animation=\u00bbFade In\u00bb hover_animation=\u00bbnone\u00bb alignment=\u00bb\u00bb border_radius=\u00bbnone\u00bb box_shadow=\u00bbnone\u00bb image_loading=\u00bbdefault\u00bb max_width=\u00bb100%\u00bb max_width_mobile=\u00bbdefault\u00bb][\/vc_column][\/vc_row]\n","protected":false},"excerpt":{"rendered":"<p>[vc_row type=\u00bbfull_width_content\u00bb full_screen_row_position=\u00bbmiddle\u00bb column_margin=\u00bbdefault\u00bb equal_height=\u00bbyes\u00bb content_placement=\u00bbmiddle\u00bb column_direction=\u00bbdefault\u00bb column_direction_tablet=\u00bbdefault\u00bb column_direction_phone=\u00bbdefault\u00bb bg_image=\u00bb423&#8243; bg_position=\u00bbcenter center\u00bb background_image_loading=\u00bblazy-load\u00bb bg_repeat=\u00bbno-repeat\u00bb full_height=\u00bbyes\u00bb scene_position=\u00bbcenter\u00bb text_color=\u00bbdark\u00bb text_align=\u00bbleft\u00bb row_border_radius=\u00bbnone\u00bb row_border_radius_applies=\u00bbbg\u00bb overlay_strength=\u00bb0.3&#8243; gradient_direction=\u00bbleft_to_right\u00bb shape_divider_position=\u00bbbottom\u00bb bg_image_animation=\u00bbnone\u00bb shape_type=\u00bb\u00bb][vc_column column_padding=\u00bbno-extra-padding\u00bb column_padding_tablet=\u00bbinherit\u00bb column_padding_phone=\u00bbinherit\u00bb column_padding_position=\u00bball\u00bb column_element_spacing=\u00bbdefault\u00bb&#8230;<\/p>\n","protected":false},"author":1,"featured_media":0,"parent":867,"menu_order":0,"comment_status":"closed","ping_status":"closed","template":"","meta":{"footnotes":""},"class_list":["post-971","page","type-page","status-publish"],"yoast_head":"<!-- This site is optimized with the Yoast SEO plugin v27.5 - https:\/\/yoast.com\/product\/yoast-seo-wordpress\/ -->\n<title>Sevilla a pie - Seville With Estela<\/title>\n<meta name=\"robots\" content=\"index, follow, max-snippet:-1, max-image-preview:large, max-video-preview:-1\" \/>\n<link rel=\"canonical\" href=\"https:\/\/sevillewithestela.com\/es\/tours\/sevilla-a-pie\/\" \/>\n<meta property=\"og:locale\" content=\"es_ES\" \/>\n<meta property=\"og:type\" content=\"article\" \/>\n<meta property=\"og:title\" content=\"Sevilla a pie - Seville With Estela\" \/>\n<meta property=\"og:description\" content=\"[vc_row type=\u00bbfull_width_content\u00bb full_screen_row_position=\u00bbmiddle\u00bb column_margin=\u00bbdefault\u00bb equal_height=\u00bbyes\u00bb content_placement=\u00bbmiddle\u00bb column_direction=\u00bbdefault\u00bb column_direction_tablet=\u00bbdefault\u00bb column_direction_phone=\u00bbdefault\u00bb bg_image=\u00bb423&#8243; bg_position=\u00bbcenter center\u00bb background_image_loading=\u00bblazy-load\u00bb bg_repeat=\u00bbno-repeat\u00bb full_height=\u00bbyes\u00bb scene_position=\u00bbcenter\u00bb text_color=\u00bbdark\u00bb text_align=\u00bbleft\u00bb row_border_radius=\u00bbnone\u00bb row_border_radius_applies=\u00bbbg\u00bb overlay_strength=\u00bb0.3&#8243; gradient_direction=\u00bbleft_to_right\u00bb shape_divider_position=\u00bbbottom\u00bb bg_image_animation=\u00bbnone\u00bb shape_type=\u00bb\u00bb][vc_column column_padding=\u00bbno-extra-padding\u00bb column_padding_tablet=\u00bbinherit\u00bb column_padding_phone=\u00bbinherit\u00bb column_padding_position=\u00bball\u00bb column_element_spacing=\u00bbdefault\u00bb...\" \/>\n<meta property=\"og:url\" content=\"https:\/\/sevillewithestela.com\/es\/tours\/sevilla-a-pie\/\" \/>\n<meta property=\"og:site_name\" content=\"Seville With Estela\" \/>\n<meta property=\"article:modified_time\" content=\"2021-11-11T08:53:02+00:00\" \/>\n<meta name=\"twitter:card\" content=\"summary_large_image\" \/>\n<meta name=\"twitter:label1\" content=\"Tiempo de lectura\" \/>\n\t<meta name=\"twitter:data1\" content=\"7 minutos\" \/>\n<script type=\"application\/ld+json\" class=\"yoast-schema-graph\">{\"@context\":\"https:\\\/\\\/schema.org\",\"@graph\":[{\"@type\":\"WebPage\",\"@id\":\"https:\\\/\\\/sevillewithestela.com\\\/es\\\/tours\\\/sevilla-a-pie\\\/\",\"url\":\"https:\\\/\\\/sevillewithestela.com\\\/es\\\/tours\\\/sevilla-a-pie\\\/\",\"name\":\"Sevilla a pie - Seville With Estela\",\"isPartOf\":{\"@id\":\"https:\\\/\\\/sevillewithestela.com\\\/es\\\/#website\"},\"datePublished\":\"2021-07-28T09:54:37+00:00\",\"dateModified\":\"2021-11-11T08:53:02+00:00\",\"breadcrumb\":{\"@id\":\"https:\\\/\\\/sevillewithestela.com\\\/es\\\/tours\\\/sevilla-a-pie\\\/#breadcrumb\"},\"inLanguage\":\"es\",\"potentialAction\":[{\"@type\":\"ReadAction\",\"target\":[\"https:\\\/\\\/sevillewithestela.com\\\/es\\\/tours\\\/sevilla-a-pie\\\/\"]}]},{\"@type\":\"BreadcrumbList\",\"@id\":\"https:\\\/\\\/sevillewithestela.com\\\/es\\\/tours\\\/sevilla-a-pie\\\/#breadcrumb\",\"itemListElement\":[{\"@type\":\"ListItem\",\"position\":1,\"name\":\"Home\",\"item\":\"https:\\\/\\\/sevillewithestela.com\\\/es\\\/\"},{\"@type\":\"ListItem\",\"position\":2,\"name\":\"Tours\",\"item\":\"https:\\\/\\\/sevillewithestela.com\\\/es\\\/tours\\\/\"},{\"@type\":\"ListItem\",\"position\":3,\"name\":\"Sevilla a pie\"}]},{\"@type\":\"WebSite\",\"@id\":\"https:\\\/\\\/sevillewithestela.com\\\/es\\\/#website\",\"url\":\"https:\\\/\\\/sevillewithestela.com\\\/es\\\/\",\"name\":\"Seville With Estela\",\"description\":\"\",\"publisher\":{\"@id\":\"https:\\\/\\\/sevillewithestela.com\\\/es\\\/#organization\"},\"potentialAction\":[{\"@type\":\"SearchAction\",\"target\":{\"@type\":\"EntryPoint\",\"urlTemplate\":\"https:\\\/\\\/sevillewithestela.com\\\/es\\\/?s={search_term_string}\"},\"query-input\":{\"@type\":\"PropertyValueSpecification\",\"valueRequired\":true,\"valueName\":\"search_term_string\"}}],\"inLanguage\":\"es\"},{\"@type\":\"Organization\",\"@id\":\"https:\\\/\\\/sevillewithestela.com\\\/es\\\/#organization\",\"name\":\"Seville With Estela\",\"url\":\"https:\\\/\\\/sevillewithestela.com\\\/es\\\/\",\"logo\":{\"@type\":\"ImageObject\",\"inLanguage\":\"es\",\"@id\":\"https:\\\/\\\/sevillewithestela.com\\\/es\\\/#\\\/schema\\\/logo\\\/image\\\/\",\"url\":\"https:\\\/\\\/sevillewithestela.com\\\/wp-content\\\/uploads\\\/2023\\\/06\\\/logo_main-seville.png\",\"contentUrl\":\"https:\\\/\\\/sevillewithestela.com\\\/wp-content\\\/uploads\\\/2023\\\/06\\\/logo_main-seville.png\",\"width\":200,\"height\":200,\"caption\":\"Seville With Estela\"},\"image\":{\"@id\":\"https:\\\/\\\/sevillewithestela.com\\\/es\\\/#\\\/schema\\\/logo\\\/image\\\/\"}}]}<\/script>\n<!-- \/ Yoast SEO plugin. -->","yoast_head_json":{"title":"Sevilla a pie - Seville With Estela","robots":{"index":"index","follow":"follow","max-snippet":"max-snippet:-1","max-image-preview":"max-image-preview:large","max-video-preview":"max-video-preview:-1"},"canonical":"https:\/\/sevillewithestela.com\/es\/tours\/sevilla-a-pie\/","og_locale":"es_ES","og_type":"article","og_title":"Sevilla a pie - Seville With Estela","og_description":"[vc_row type=\u00bbfull_width_content\u00bb full_screen_row_position=\u00bbmiddle\u00bb column_margin=\u00bbdefault\u00bb equal_height=\u00bbyes\u00bb content_placement=\u00bbmiddle\u00bb column_direction=\u00bbdefault\u00bb column_direction_tablet=\u00bbdefault\u00bb column_direction_phone=\u00bbdefault\u00bb bg_image=\u00bb423&#8243; bg_position=\u00bbcenter center\u00bb background_image_loading=\u00bblazy-load\u00bb bg_repeat=\u00bbno-repeat\u00bb full_height=\u00bbyes\u00bb scene_position=\u00bbcenter\u00bb text_color=\u00bbdark\u00bb text_align=\u00bbleft\u00bb row_border_radius=\u00bbnone\u00bb row_border_radius_applies=\u00bbbg\u00bb overlay_strength=\u00bb0.3&#8243; gradient_direction=\u00bbleft_to_right\u00bb shape_divider_position=\u00bbbottom\u00bb bg_image_animation=\u00bbnone\u00bb shape_type=\u00bb\u00bb][vc_column column_padding=\u00bbno-extra-padding\u00bb column_padding_tablet=\u00bbinherit\u00bb column_padding_phone=\u00bbinherit\u00bb column_padding_position=\u00bball\u00bb column_element_spacing=\u00bbdefault\u00bb...","og_url":"https:\/\/sevillewithestela.com\/es\/tours\/sevilla-a-pie\/","og_site_name":"Seville With Estela","article_modified_time":"2021-11-11T08:53:02+00:00","twitter_card":"summary_large_image","twitter_misc":{"Tiempo de lectura":"7 minutos"},"schema":{"@context":"https:\/\/schema.org","@graph":[{"@type":"WebPage","@id":"https:\/\/sevillewithestela.com\/es\/tours\/sevilla-a-pie\/","url":"https:\/\/sevillewithestela.com\/es\/tours\/sevilla-a-pie\/","name":"Sevilla a pie - Seville With Estela","isPartOf":{"@id":"https:\/\/sevillewithestela.com\/es\/#website"},"datePublished":"2021-07-28T09:54:37+00:00","dateModified":"2021-11-11T08:53:02+00:00","breadcrumb":{"@id":"https:\/\/sevillewithestela.com\/es\/tours\/sevilla-a-pie\/#breadcrumb"},"inLanguage":"es","potentialAction":[{"@type":"ReadAction","target":["https:\/\/sevillewithestela.com\/es\/tours\/sevilla-a-pie\/"]}]},{"@type":"BreadcrumbList","@id":"https:\/\/sevillewithestela.com\/es\/tours\/sevilla-a-pie\/#breadcrumb","itemListElement":[{"@type":"ListItem","position":1,"name":"Home","item":"https:\/\/sevillewithestela.com\/es\/"},{"@type":"ListItem","position":2,"name":"Tours","item":"https:\/\/sevillewithestela.com\/es\/tours\/"},{"@type":"ListItem","position":3,"name":"Sevilla a pie"}]},{"@type":"WebSite","@id":"https:\/\/sevillewithestela.com\/es\/#website","url":"https:\/\/sevillewithestela.com\/es\/","name":"Seville With Estela","description":"","publisher":{"@id":"https:\/\/sevillewithestela.com\/es\/#organization"},"potentialAction":[{"@type":"SearchAction","target":{"@type":"EntryPoint","urlTemplate":"https:\/\/sevillewithestela.com\/es\/?s={search_term_string}"},"query-input":{"@type":"PropertyValueSpecification","valueRequired":true,"valueName":"search_term_string"}}],"inLanguage":"es"},{"@type":"Organization","@id":"https:\/\/sevillewithestela.com\/es\/#organization","name":"Seville With Estela","url":"https:\/\/sevillewithestela.com\/es\/","logo":{"@type":"ImageObject","inLanguage":"es","@id":"https:\/\/sevillewithestela.com\/es\/#\/schema\/logo\/image\/","url":"https:\/\/sevillewithestela.com\/wp-content\/uploads\/2023\/06\/logo_main-seville.png","contentUrl":"https:\/\/sevillewithestela.com\/wp-content\/uploads\/2023\/06\/logo_main-seville.png","width":200,"height":200,"caption":"Seville With Estela"},"image":{"@id":"https:\/\/sevillewithestela.com\/es\/#\/schema\/logo\/image\/"}}]}},"_links":{"self":[{"href":"https:\/\/sevillewithestela.com\/es\/wp-json\/wp\/v2\/pages\/971","targetHints":{"allow":["GET"]}}],"collection":[{"href":"https:\/\/sevillewithestela.com\/es\/wp-json\/wp\/v2\/pages"}],"about":[{"href":"https:\/\/sevillewithestela.com\/es\/wp-json\/wp\/v2\/types\/page"}],"author":[{"embeddable":true,"href":"https:\/\/sevillewithestela.com\/es\/wp-json\/wp\/v2\/users\/1"}],"replies":[{"embeddable":true,"href":"https:\/\/sevillewithestela.com\/es\/wp-json\/wp\/v2\/comments?post=971"}],"version-history":[{"count":6,"href":"https:\/\/sevillewithestela.com\/es\/wp-json\/wp\/v2\/pages\/971\/revisions"}],"predecessor-version":[{"id":1147,"href":"https:\/\/sevillewithestela.com\/es\/wp-json\/wp\/v2\/pages\/971\/revisions\/1147"}],"up":[{"embeddable":true,"href":"https:\/\/sevillewithestela.com\/es\/wp-json\/wp\/v2\/pages\/867"}],"wp:attachment":[{"href":"https:\/\/sevillewithestela.com\/es\/wp-json\/wp\/v2\/media?parent=971"}],"curies":[{"name":"wp","href":"https:\/\/api.w.org\/{rel}","templated":true}]}}