

{"id":1114,"date":"2021-09-22T11:53:53","date_gmt":"2021-09-22T09:53:53","guid":{"rendered":"https:\/\/sevillewithestela.com\/tours\/spaziergang-durch-sevilla\/"},"modified":"2021-09-22T11:56:35","modified_gmt":"2021-09-22T09:56:35","slug":"spaziergang-durch-sevilla","status":"publish","type":"page","link":"https:\/\/sevillewithestela.com\/de\/tours\/spaziergang-durch-sevilla\/","title":{"rendered":"Spaziergang durch Sevilla"},"content":{"rendered":"[vc_row type=&#8220;full_width_content&#8220; full_screen_row_position=&#8220;middle&#8220; column_margin=&#8220;default&#8220; equal_height=&#8220;yes&#8220; content_placement=&#8220;middle&#8220; column_direction=&#8220;default&#8220; column_direction_tablet=&#8220;default&#8220; column_direction_phone=&#8220;default&#8220; bg_image=&#8220;423&#8243; bg_position=&#8220;center center&#8220; background_image_loading=&#8220;lazy-load&#8220; bg_repeat=&#8220;no-repeat&#8220; full_height=&#8220;yes&#8220; scene_position=&#8220;center&#8220; text_color=&#8220;dark&#8220; text_align=&#8220;left&#8220; row_border_radius=&#8220;none&#8220; row_border_radius_applies=&#8220;bg&#8220; overlay_strength=&#8220;0.3&#8243; gradient_direction=&#8220;left_to_right&#8220; shape_divider_position=&#8220;bottom&#8220; bg_image_animation=&#8220;none&#8220; shape_type=&#8220;&#8220;][vc_column column_padding=&#8220;no-extra-padding&#8220; column_padding_tablet=&#8220;inherit&#8220; column_padding_phone=&#8220;inherit&#8220; column_padding_position=&#8220;all&#8220; column_element_spacing=&#8220;default&#8220; background_color_opacity=&#8220;1&#8243; background_hover_color_opacity=&#8220;1&#8243; column_shadow=&#8220;none&#8220; column_border_radius=&#8220;none&#8220; column_link_target=&#8220;_self&#8220; gradient_direction=&#8220;left_to_right&#8220; overlay_strength=&#8220;0.3&#8243; width=&#8220;1\/1&#8243; tablet_width_inherit=&#8220;default&#8220; tablet_text_alignment=&#8220;default&#8220; phone_text_alignment=&#8220;default&#8220; bg_image_animation=&#8220;none&#8220; border_type=&#8220;simple&#8220; column_border_width=&#8220;none&#8220; column_border_style=&#8220;solid&#8220; column_link=&#8220;#content&#8220; column_link_screen_reader=&#8220;Ir al texto de la web&#8220;][vc_custom_heading text=&#8220;Spaziergang durch Sevilla&#8220; font_container=&#8220;tag:h2|font_size:36px|text_align:center|color:%23ffffff|line_height:43px&#8220; use_theme_fonts=&#8220;yes&#8220; css_animation=&#8220;fadeInUp&#8220;][\/vc_column][\/vc_row][vc_row type=&#8220;full_width_content&#8220; full_screen_row_position=&#8220;middle&#8220; column_margin=&#8220;default&#8220; column_direction=&#8220;default&#8220; column_direction_tablet=&#8220;default&#8220; column_direction_phone=&#8220;default&#8220; bg_color=&#8220;#fbf8f9&#8243; scene_position=&#8220;center&#8220; top_padding=&#8220;60&#8243; bottom_padding=&#8220;30&#8243; text_color=&#8220;dark&#8220; text_align=&#8220;center&#8220; row_border_radius=&#8220;none&#8220; row_border_radius_applies=&#8220;bg&#8220; id=&#8220;content&#8220; overlay_strength=&#8220;0.3&#8243; gradient_direction=&#8220;left_to_right&#8220; shape_divider_position=&#8220;bottom&#8220; bg_image_animation=&#8220;none&#8220; shape_type=&#8220;&#8220;][vc_column column_padding=&#8220;no-extra-padding&#8220; column_padding_tablet=&#8220;inherit&#8220; column_padding_phone=&#8220;inherit&#8220; column_padding_position=&#8220;top-bottom&#8220; top_margin=&#8220;40&#8243; constrain_group_1=&#8220;yes&#8220; bottom_margin=&#8220;40&#8243; column_element_spacing=&#8220;default&#8220; background_color_opacity=&#8220;1&#8243; background_hover_color_opacity=&#8220;1&#8243; column_shadow=&#8220;none&#8220; column_border_radius=&#8220;none&#8220; column_link_target=&#8220;_self&#8220; gradient_direction=&#8220;left_to_right&#8220; overlay_strength=&#8220;0.3&#8243; width=&#8220;1\/1&#8243; tablet_width_inherit=&#8220;default&#8220; tablet_text_alignment=&#8220;default&#8220; phone_text_alignment=&#8220;default&#8220; bg_image_animation=&#8220;none&#8220; border_type=&#8220;simple&#8220; column_border_width=&#8220;none&#8220; column_border_style=&#8220;solid&#8220;][vc_custom_heading text=&#8220; PRIVATE TOUREN&#8220; font_container=&#8220;tag:h2|font_size:10px|text_align:center|color:%23d7465f|line_height:15px&#8220; use_theme_fonts=&#8220;yes&#8220; css_animation=&#8220;none&#8220; el_class=&#8220;osespero&#8220;][divider line_type=&#8220;No Line&#8220; custom_height=&#8220;10&#8243;][vc_custom_heading text=&#8220;Spaziergang durch Sevilla&#8220; font_container=&#8220;tag:h2|font_size:30px|text_align:center|color:%23000000|line_height:36px&#8220; use_theme_fonts=&#8220;yes&#8220; css_animation=&#8220;fadeInUp&#8220;][\/vc_column][\/vc_row][vc_row type=&#8220;full_width_content&#8220; full_screen_row_position=&#8220;middle&#8220; column_margin=&#8220;default&#8220; equal_height=&#8220;yes&#8220; column_direction=&#8220;default&#8220; column_direction_tablet=&#8220;default&#8220; column_direction_phone=&#8220;default&#8220; bg_color=&#8220;#daacbd&#8220; scene_position=&#8220;center&#8220; text_color=&#8220;dark&#8220; text_align=&#8220;left&#8220; row_border_radius=&#8220;none&#8220; row_border_radius_applies=&#8220;bg&#8220; overlay_strength=&#8220;0.3&#8243; gradient_direction=&#8220;left_to_right&#8220; shape_divider_position=&#8220;bottom&#8220; bg_image_animation=&#8220;none&#8220; shape_type=&#8220;&#8220;][vc_column column_padding=&#8220;no-extra-padding&#8220; column_padding_tablet=&#8220;inherit&#8220; column_padding_phone=&#8220;inherit&#8220; column_padding_position=&#8220;all&#8220; column_element_spacing=&#8220;default&#8220; background_color_opacity=&#8220;1&#8243; background_hover_color_opacity=&#8220;1&#8243; background_image=&#8220;427&#8243; background_image_position=&#8220;center center&#8220; enable_bg_scale=&#8220;true&#8220; background_image_loading=&#8220;default&#8220; column_shadow=&#8220;none&#8220; column_border_radius=&#8220;none&#8220; column_link_target=&#8220;_self&#8220; gradient_direction=&#8220;left_to_right&#8220; overlay_strength=&#8220;0.3&#8243; width=&#8220;3\/4&#8243; tablet_width_inherit=&#8220;default&#8220; tablet_text_alignment=&#8220;default&#8220; phone_text_alignment=&#8220;default&#8220; bg_image_animation=&#8220;none&#8220; border_type=&#8220;simple&#8220; column_border_width=&#8220;none&#8220; column_border_style=&#8220;solid&#8220;][\/vc_column][vc_column column_padding=&#8220;padding-2-percent&#8220; column_padding_tablet=&#8220;padding-6-percent&#8220; column_padding_phone=&#8220;padding-6-percent&#8220; column_padding_position=&#8220;all&#8220; column_element_spacing=&#8220;default&#8220; background_color_opacity=&#8220;1&#8243; background_hover_color_opacity=&#8220;1&#8243; font_color=&#8220;#d7465f&#8220; column_shadow=&#8220;none&#8220; column_border_radius=&#8220;none&#8220; column_link_target=&#8220;_self&#8220; gradient_direction=&#8220;left_to_right&#8220; overlay_strength=&#8220;0.3&#8243; width=&#8220;1\/4&#8243; tablet_width_inherit=&#8220;default&#8220; tablet_text_alignment=&#8220;default&#8220; phone_text_alignment=&#8220;default&#8220; bg_image_animation=&#8220;none&#8220; border_type=&#8220;simple&#8220; column_border_width=&#8220;none&#8220; column_border_style=&#8220;solid&#8220;][vc_column_text]<strong>WIR SEHEN<\/strong><\/p>\n<p>DAS SANTA CRUZ VIERTEL, DEN PARASOL, DIE ALTSTADT , DIE PLAZA DE ESPA\u00d1A.<\/p>\n<p><strong>L\u00c4NGE DER TOUR<\/strong><\/p>\n<p>3 STUNDEN. WENN SIE ES W\u00dcNSCHEN, K\u00d6NNEN WIR DIE TOUR UM EINE WEITERE STUNDE VERL\u00c4NGERN UND NOCH VIEL MEHR BESICHTIGEN.<\/p>\n<p><strong>TREFFPUNKT<\/strong><\/p>\n<p>AM HOTEL (FALLS IM STADTZENTRUM) ODER DIREKT AM GIRALDA-TURM.<\/p>\n<p><strong>PREIS<\/strong><\/p>\n<p>PRO BESUCH BIS ZU 8 PERSONEN: <strong>200 EURO<\/strong>. ZUS\u00c4TZLICHE STUNDE: <strong>50 EURO<\/strong>. F\u00dcR 8 ODER MEHR PERSONEN, BITTE KONTAKTIEREN SIE MICH.<\/p>\n<p><strong>WAS NICHT IN DEM PREIS MIT INBEGRIFFEN IST<\/strong><\/p>\n<p>DIEEINTRITTSKARTEN F\u00dcR SEHENSW\u00dcRDIGKEITEN, SOWIE ETWAIGE TAXIFAHRTEN.[\/vc_column_text][divider line_type=&#8220;No Line&#8220; custom_height=&#8220;30&#8243;][nectar_btn size=&#8220;small&#8220; button_style=&#8220;regular&#8220; button_color_2=&#8220;Accent-Color&#8220; icon_family=&#8220;none&#8220; text=&#8220; Buchen Sie jetzt!&#8220; url=&#8220;https:\/\/sevillewithestela.com\/de\/kontakt\/&#8220;][\/vc_column][\/vc_row][vc_row type=&#8220;full_width_background&#8220; full_screen_row_position=&#8220;middle&#8220; column_margin=&#8220;default&#8220; equal_height=&#8220;yes&#8220; content_placement=&#8220;middle&#8220; column_direction=&#8220;default&#8220; column_direction_tablet=&#8220;default&#8220; column_direction_phone=&#8220;default&#8220; bg_color=&#8220;#faf8f7&#8243; scene_position=&#8220;center&#8220; top_padding=&#8220;60&#8243; bottom_padding=&#8220;90&#8243; text_color=&#8220;dark&#8220; text_align=&#8220;left&#8220; row_border_radius=&#8220;none&#8220; row_border_radius_applies=&#8220;bg&#8220; overlay_strength=&#8220;0.3&#8243; gradient_direction=&#8220;left_to_right&#8220; shape_divider_position=&#8220;bottom&#8220; bg_image_animation=&#8220;none&#8220; shape_type=&#8220;&#8220;][vc_column column_padding=&#8220;no-extra-padding&#8220; column_padding_tablet=&#8220;inherit&#8220; column_padding_phone=&#8220;inherit&#8220; column_padding_position=&#8220;all&#8220; column_element_spacing=&#8220;default&#8220; background_color_opacity=&#8220;1&#8243; background_hover_color_opacity=&#8220;1&#8243; font_color=&#8220;#000000&#8243; column_shadow=&#8220;none&#8220; column_border_radius=&#8220;none&#8220; column_link_target=&#8220;_self&#8220; el_class=&#8220;txt_tours&#8220; gradient_direction=&#8220;left_to_right&#8220; overlay_strength=&#8220;0.3&#8243; width=&#8220;2\/3&#8243; tablet_width_inherit=&#8220;default&#8220; tablet_text_alignment=&#8220;default&#8220; phone_text_alignment=&#8220;default&#8220; bg_image_animation=&#8220;none&#8220; border_type=&#8220;simple&#8220; column_border_width=&#8220;none&#8220; column_border_style=&#8220;solid&#8220;][vc_column_text css_animation=&#8220;fadeInLeft&#8220;]<span style=\"font-weight: 400;\">Wir nutzen diese 3-st\u00fcndige Tour durch die Stadt, um die wichtigsten Sehensw\u00fcrdigkeiten zu entdecken. Wir werden durch die engen Gassen des Stadtviertels Santa Cruz spazieren, dem ehemaligen j\u00fcdischen Bezirk. Au\u00dferdem werden wir den K\u00f6nigspalast, den Alcazar, sowie die Kathedrale, die ehemalige Moschee von Sevilla, von au\u00dfen besichtigen.\u00a0<\/span><\/p>\n<p><span style=\"font-weight: 400;\">Wenn Sie Interesse an moderner Architektur haben, kann ich Sie zum Parasol &#8211; auch als &#8222;Pilze von Sevilla&#8220; bekannt &#8211; f\u00fchren und den Spaziergang am sch\u00f6nsten Platz der Stadt beenden, am Plaza de Espa\u00f1a, wo die Weltausstellung von 1929 stattfand.<\/span>[\/vc_column_text][\/vc_column][vc_column column_padding=&#8220;no-extra-padding&#8220; column_padding_tablet=&#8220;inherit&#8220; column_padding_phone=&#8220;inherit&#8220; column_padding_position=&#8220;all&#8220; column_element_spacing=&#8220;default&#8220; background_color_opacity=&#8220;1&#8243; background_hover_color_opacity=&#8220;1&#8243; column_shadow=&#8220;none&#8220; column_border_radius=&#8220;none&#8220; column_link_target=&#8220;_self&#8220; gradient_direction=&#8220;left_to_right&#8220; overlay_strength=&#8220;0.3&#8243; width=&#8220;1\/3&#8243; tablet_width_inherit=&#8220;default&#8220; tablet_text_alignment=&#8220;default&#8220; phone_text_alignment=&#8220;default&#8220; bg_image_animation=&#8220;none&#8220; border_type=&#8220;simple&#8220; column_border_width=&#8220;none&#8220; column_border_style=&#8220;solid&#8220;][image_with_animation image_url=&#8220;426&#8243; animation=&#8220;Fade In From Right&#8220; hover_animation=&#8220;none&#8220; alignment=&#8220;&#8220; border_radius=&#8220;none&#8220; box_shadow=&#8220;none&#8220; image_loading=&#8220;default&#8220; max_width=&#8220;100%&#8220; max_width_mobile=&#8220;default&#8220;][\/vc_column][\/vc_row][vc_row type=&#8220;in_container&#8220; full_screen_row_position=&#8220;middle&#8220; column_margin=&#8220;default&#8220; column_direction=&#8220;default&#8220; column_direction_tablet=&#8220;default&#8220; column_direction_phone=&#8220;default&#8220; scene_position=&#8220;center&#8220; top_padding=&#8220;90&#8243; text_color=&#8220;dark&#8220; text_align=&#8220;left&#8220; row_border_radius=&#8220;none&#8220; row_border_radius_applies=&#8220;bg&#8220; overlay_strength=&#8220;0.3&#8243; gradient_direction=&#8220;left_to_right&#8220; shape_divider_position=&#8220;bottom&#8220; bg_image_animation=&#8220;none&#8220; shape_type=&#8220;&#8220;][vc_column column_padding=&#8220;no-extra-padding&#8220; column_padding_tablet=&#8220;inherit&#8220; column_padding_phone=&#8220;inherit&#8220; column_padding_position=&#8220;all&#8220; column_element_spacing=&#8220;default&#8220; background_color_opacity=&#8220;1&#8243; background_hover_color_opacity=&#8220;1&#8243; column_shadow=&#8220;none&#8220; column_border_radius=&#8220;none&#8220; column_link_target=&#8220;_self&#8220; gradient_direction=&#8220;left_to_right&#8220; overlay_strength=&#8220;0.3&#8243; width=&#8220;1\/1&#8243; tablet_width_inherit=&#8220;default&#8220; tablet_text_alignment=&#8220;default&#8220; phone_text_alignment=&#8220;default&#8220; bg_image_animation=&#8220;none&#8220; border_type=&#8220;simple&#8220; column_border_width=&#8220;none&#8220; column_border_style=&#8220;solid&#8220;][image_with_animation image_url=&#8220;461&#8243; animation=&#8220;Fade In&#8220; hover_animation=&#8220;none&#8220; alignment=&#8220;&#8220; border_radius=&#8220;none&#8220; box_shadow=&#8220;none&#8220; image_loading=&#8220;default&#8220; max_width=&#8220;100%&#8220; max_width_mobile=&#8220;default&#8220;][\/vc_column][\/vc_row]\n","protected":false},"excerpt":{"rendered":"<p>[vc_row type=&#8220;full_width_content&#8220; full_screen_row_position=&#8220;middle&#8220; column_margin=&#8220;default&#8220; equal_height=&#8220;yes&#8220; content_placement=&#8220;middle&#8220; column_direction=&#8220;default&#8220; column_direction_tablet=&#8220;default&#8220; column_direction_phone=&#8220;default&#8220; bg_image=&#8220;423&#8243; bg_position=&#8220;center center&#8220; background_image_loading=&#8220;lazy-load&#8220; bg_repeat=&#8220;no-repeat&#8220; full_height=&#8220;yes&#8220; scene_position=&#8220;center&#8220; text_color=&#8220;dark&#8220; text_align=&#8220;left&#8220; row_border_radius=&#8220;none&#8220; row_border_radius_applies=&#8220;bg&#8220; overlay_strength=&#8220;0.3&#8243; gradient_direction=&#8220;left_to_right&#8220; shape_divider_position=&#8220;bottom&#8220; bg_image_animation=&#8220;none&#8220; shape_type=&#8220;&#8220;][vc_column column_padding=&#8220;no-extra-padding&#8220; column_padding_tablet=&#8220;inherit&#8220; column_padding_phone=&#8220;inherit&#8220; column_padding_position=&#8220;all&#8220; column_element_spacing=&#8220;default&#8220;&#8230;<\/p>\n","protected":false},"author":1,"featured_media":0,"parent":1044,"menu_order":0,"comment_status":"closed","ping_status":"closed","template":"","meta":{"footnotes":""},"class_list":["post-1114","page","type-page","status-publish"],"yoast_head":"<!-- This site is optimized with the Yoast SEO plugin v27.5 - https:\/\/yoast.com\/product\/yoast-seo-wordpress\/ -->\n<title>Spaziergang durch Sevilla - Seville With Estela<\/title>\n<meta name=\"robots\" content=\"index, follow, max-snippet:-1, max-image-preview:large, max-video-preview:-1\" \/>\n<link rel=\"canonical\" href=\"https:\/\/sevillewithestela.com\/de\/tours\/spaziergang-durch-sevilla\/\" \/>\n<meta property=\"og:locale\" content=\"de_DE\" \/>\n<meta property=\"og:type\" content=\"article\" \/>\n<meta property=\"og:title\" content=\"Spaziergang durch Sevilla - Seville With Estela\" \/>\n<meta property=\"og:description\" content=\"[vc_row type=&#8220;full_width_content&#8220; full_screen_row_position=&#8220;middle&#8220; column_margin=&#8220;default&#8220; equal_height=&#8220;yes&#8220; content_placement=&#8220;middle&#8220; column_direction=&#8220;default&#8220; column_direction_tablet=&#8220;default&#8220; column_direction_phone=&#8220;default&#8220; bg_image=&#8220;423&#8243; bg_position=&#8220;center center&#8220; background_image_loading=&#8220;lazy-load&#8220; bg_repeat=&#8220;no-repeat&#8220; full_height=&#8220;yes&#8220; scene_position=&#8220;center&#8220; text_color=&#8220;dark&#8220; text_align=&#8220;left&#8220; row_border_radius=&#8220;none&#8220; row_border_radius_applies=&#8220;bg&#8220; overlay_strength=&#8220;0.3&#8243; gradient_direction=&#8220;left_to_right&#8220; shape_divider_position=&#8220;bottom&#8220; bg_image_animation=&#8220;none&#8220; shape_type=&#8220;&#8220;][vc_column column_padding=&#8220;no-extra-padding&#8220; column_padding_tablet=&#8220;inherit&#8220; column_padding_phone=&#8220;inherit&#8220; column_padding_position=&#8220;all&#8220; column_element_spacing=&#8220;default&#8220;...\" \/>\n<meta property=\"og:url\" content=\"https:\/\/sevillewithestela.com\/de\/tours\/spaziergang-durch-sevilla\/\" \/>\n<meta property=\"og:site_name\" content=\"Seville With Estela\" \/>\n<meta property=\"article:modified_time\" content=\"2021-09-22T09:56:35+00:00\" \/>\n<meta name=\"twitter:card\" content=\"summary_large_image\" \/>\n<meta name=\"twitter:label1\" content=\"Gesch\u00e4tzte Lesezeit\" \/>\n\t<meta name=\"twitter:data1\" content=\"7\u00a0Minuten\" \/>\n<script type=\"application\/ld+json\" class=\"yoast-schema-graph\">{\"@context\":\"https:\\\/\\\/schema.org\",\"@graph\":[{\"@type\":\"WebPage\",\"@id\":\"https:\\\/\\\/sevillewithestela.com\\\/de\\\/tours\\\/spaziergang-durch-sevilla\\\/\",\"url\":\"https:\\\/\\\/sevillewithestela.com\\\/de\\\/tours\\\/spaziergang-durch-sevilla\\\/\",\"name\":\"Spaziergang durch Sevilla - Seville With Estela\",\"isPartOf\":{\"@id\":\"https:\\\/\\\/sevillewithestela.com\\\/de\\\/#website\"},\"datePublished\":\"2021-09-22T09:53:53+00:00\",\"dateModified\":\"2021-09-22T09:56:35+00:00\",\"breadcrumb\":{\"@id\":\"https:\\\/\\\/sevillewithestela.com\\\/de\\\/tours\\\/spaziergang-durch-sevilla\\\/#breadcrumb\"},\"inLanguage\":\"de\",\"potentialAction\":[{\"@type\":\"ReadAction\",\"target\":[\"https:\\\/\\\/sevillewithestela.com\\\/de\\\/tours\\\/spaziergang-durch-sevilla\\\/\"]}]},{\"@type\":\"BreadcrumbList\",\"@id\":\"https:\\\/\\\/sevillewithestela.com\\\/de\\\/tours\\\/spaziergang-durch-sevilla\\\/#breadcrumb\",\"itemListElement\":[{\"@type\":\"ListItem\",\"position\":1,\"name\":\"Home\",\"item\":\"https:\\\/\\\/sevillewithestela.com\\\/de\\\/\"},{\"@type\":\"ListItem\",\"position\":2,\"name\":\"Tours\",\"item\":\"https:\\\/\\\/sevillewithestela.com\\\/de\\\/tours\\\/\"},{\"@type\":\"ListItem\",\"position\":3,\"name\":\"Spaziergang durch Sevilla\"}]},{\"@type\":\"WebSite\",\"@id\":\"https:\\\/\\\/sevillewithestela.com\\\/de\\\/#website\",\"url\":\"https:\\\/\\\/sevillewithestela.com\\\/de\\\/\",\"name\":\"Seville With Estela\",\"description\":\"\",\"publisher\":{\"@id\":\"https:\\\/\\\/sevillewithestela.com\\\/de\\\/#organization\"},\"potentialAction\":[{\"@type\":\"SearchAction\",\"target\":{\"@type\":\"EntryPoint\",\"urlTemplate\":\"https:\\\/\\\/sevillewithestela.com\\\/de\\\/?s={search_term_string}\"},\"query-input\":{\"@type\":\"PropertyValueSpecification\",\"valueRequired\":true,\"valueName\":\"search_term_string\"}}],\"inLanguage\":\"de\"},{\"@type\":\"Organization\",\"@id\":\"https:\\\/\\\/sevillewithestela.com\\\/de\\\/#organization\",\"name\":\"Seville With Estela\",\"url\":\"https:\\\/\\\/sevillewithestela.com\\\/de\\\/\",\"logo\":{\"@type\":\"ImageObject\",\"inLanguage\":\"de\",\"@id\":\"https:\\\/\\\/sevillewithestela.com\\\/de\\\/#\\\/schema\\\/logo\\\/image\\\/\",\"url\":\"https:\\\/\\\/sevillewithestela.com\\\/wp-content\\\/uploads\\\/2023\\\/06\\\/logo_main-seville.png\",\"contentUrl\":\"https:\\\/\\\/sevillewithestela.com\\\/wp-content\\\/uploads\\\/2023\\\/06\\\/logo_main-seville.png\",\"width\":200,\"height\":200,\"caption\":\"Seville With Estela\"},\"image\":{\"@id\":\"https:\\\/\\\/sevillewithestela.com\\\/de\\\/#\\\/schema\\\/logo\\\/image\\\/\"}}]}<\/script>\n<!-- \/ Yoast SEO plugin. -->","yoast_head_json":{"title":"Spaziergang durch Sevilla - Seville With Estela","robots":{"index":"index","follow":"follow","max-snippet":"max-snippet:-1","max-image-preview":"max-image-preview:large","max-video-preview":"max-video-preview:-1"},"canonical":"https:\/\/sevillewithestela.com\/de\/tours\/spaziergang-durch-sevilla\/","og_locale":"de_DE","og_type":"article","og_title":"Spaziergang durch Sevilla - Seville With Estela","og_description":"[vc_row type=&#8220;full_width_content&#8220; full_screen_row_position=&#8220;middle&#8220; column_margin=&#8220;default&#8220; equal_height=&#8220;yes&#8220; content_placement=&#8220;middle&#8220; column_direction=&#8220;default&#8220; column_direction_tablet=&#8220;default&#8220; column_direction_phone=&#8220;default&#8220; bg_image=&#8220;423&#8243; bg_position=&#8220;center center&#8220; background_image_loading=&#8220;lazy-load&#8220; bg_repeat=&#8220;no-repeat&#8220; full_height=&#8220;yes&#8220; scene_position=&#8220;center&#8220; text_color=&#8220;dark&#8220; text_align=&#8220;left&#8220; row_border_radius=&#8220;none&#8220; row_border_radius_applies=&#8220;bg&#8220; overlay_strength=&#8220;0.3&#8243; gradient_direction=&#8220;left_to_right&#8220; shape_divider_position=&#8220;bottom&#8220; bg_image_animation=&#8220;none&#8220; shape_type=&#8220;&#8220;][vc_column column_padding=&#8220;no-extra-padding&#8220; column_padding_tablet=&#8220;inherit&#8220; column_padding_phone=&#8220;inherit&#8220; column_padding_position=&#8220;all&#8220; column_element_spacing=&#8220;default&#8220;...","og_url":"https:\/\/sevillewithestela.com\/de\/tours\/spaziergang-durch-sevilla\/","og_site_name":"Seville With Estela","article_modified_time":"2021-09-22T09:56:35+00:00","twitter_card":"summary_large_image","twitter_misc":{"Gesch\u00e4tzte Lesezeit":"7\u00a0Minuten"},"schema":{"@context":"https:\/\/schema.org","@graph":[{"@type":"WebPage","@id":"https:\/\/sevillewithestela.com\/de\/tours\/spaziergang-durch-sevilla\/","url":"https:\/\/sevillewithestela.com\/de\/tours\/spaziergang-durch-sevilla\/","name":"Spaziergang durch Sevilla - Seville With Estela","isPartOf":{"@id":"https:\/\/sevillewithestela.com\/de\/#website"},"datePublished":"2021-09-22T09:53:53+00:00","dateModified":"2021-09-22T09:56:35+00:00","breadcrumb":{"@id":"https:\/\/sevillewithestela.com\/de\/tours\/spaziergang-durch-sevilla\/#breadcrumb"},"inLanguage":"de","potentialAction":[{"@type":"ReadAction","target":["https:\/\/sevillewithestela.com\/de\/tours\/spaziergang-durch-sevilla\/"]}]},{"@type":"BreadcrumbList","@id":"https:\/\/sevillewithestela.com\/de\/tours\/spaziergang-durch-sevilla\/#breadcrumb","itemListElement":[{"@type":"ListItem","position":1,"name":"Home","item":"https:\/\/sevillewithestela.com\/de\/"},{"@type":"ListItem","position":2,"name":"Tours","item":"https:\/\/sevillewithestela.com\/de\/tours\/"},{"@type":"ListItem","position":3,"name":"Spaziergang durch Sevilla"}]},{"@type":"WebSite","@id":"https:\/\/sevillewithestela.com\/de\/#website","url":"https:\/\/sevillewithestela.com\/de\/","name":"Seville With Estela","description":"","publisher":{"@id":"https:\/\/sevillewithestela.com\/de\/#organization"},"potentialAction":[{"@type":"SearchAction","target":{"@type":"EntryPoint","urlTemplate":"https:\/\/sevillewithestela.com\/de\/?s={search_term_string}"},"query-input":{"@type":"PropertyValueSpecification","valueRequired":true,"valueName":"search_term_string"}}],"inLanguage":"de"},{"@type":"Organization","@id":"https:\/\/sevillewithestela.com\/de\/#organization","name":"Seville With Estela","url":"https:\/\/sevillewithestela.com\/de\/","logo":{"@type":"ImageObject","inLanguage":"de","@id":"https:\/\/sevillewithestela.com\/de\/#\/schema\/logo\/image\/","url":"https:\/\/sevillewithestela.com\/wp-content\/uploads\/2023\/06\/logo_main-seville.png","contentUrl":"https:\/\/sevillewithestela.com\/wp-content\/uploads\/2023\/06\/logo_main-seville.png","width":200,"height":200,"caption":"Seville With Estela"},"image":{"@id":"https:\/\/sevillewithestela.com\/de\/#\/schema\/logo\/image\/"}}]}},"_links":{"self":[{"href":"https:\/\/sevillewithestela.com\/de\/wp-json\/wp\/v2\/pages\/1114","targetHints":{"allow":["GET"]}}],"collection":[{"href":"https:\/\/sevillewithestela.com\/de\/wp-json\/wp\/v2\/pages"}],"about":[{"href":"https:\/\/sevillewithestela.com\/de\/wp-json\/wp\/v2\/types\/page"}],"author":[{"embeddable":true,"href":"https:\/\/sevillewithestela.com\/de\/wp-json\/wp\/v2\/users\/1"}],"replies":[{"embeddable":true,"href":"https:\/\/sevillewithestela.com\/de\/wp-json\/wp\/v2\/comments?post=1114"}],"version-history":[{"count":6,"href":"https:\/\/sevillewithestela.com\/de\/wp-json\/wp\/v2\/pages\/1114\/revisions"}],"predecessor-version":[{"id":1320,"href":"https:\/\/sevillewithestela.com\/de\/wp-json\/wp\/v2\/pages\/1114\/revisions\/1320"}],"up":[{"embeddable":true,"href":"https:\/\/sevillewithestela.com\/de\/wp-json\/wp\/v2\/pages\/1044"}],"wp:attachment":[{"href":"https:\/\/sevillewithestela.com\/de\/wp-json\/wp\/v2\/media?parent=1114"}],"curies":[{"name":"wp","href":"https:\/\/api.w.org\/{rel}","templated":true}]}}